{"id":45,"date":"2023-02-27T04:10:23","date_gmt":"2023-02-27T04:10:23","guid":{"rendered":"https:\/\/xn--lamentalitdusuccs-7sbm.com\/?page_id=45"},"modified":"2023-02-27T04:10:23","modified_gmt":"2023-02-27T04:10:23","slug":"temoignages","status":"publish","type":"page","link":"https:\/\/xn--lamentalitdusuccs-7sbm.com\/index.php\/temoignages\/","title":{"rendered":"T\u00e9moignages"},"content":{"rendered":"\n<p><\/p>\n\n\n\n<p><strong>T\u00e9moignage de Sophie:<\/strong> \u00ab\u00a0Avant de lire &lsquo;La mentalit\u00e9 du succ\u00e8s&rsquo;, j&rsquo;\u00e9tais une personne tr\u00e8s anxieuse et peu s\u00fbre de moi. J&rsquo;avais du mal \u00e0 prendre des d\u00e9cisions et \u00e0 sortir de ma zone de confort. Mais gr\u00e2ce aux conseils de l&rsquo;auteur, j&rsquo;ai appris \u00e0 me fixer des objectifs clairs et \u00e0 me concentrer sur mes forces plut\u00f4t que sur mes faiblesses. Aujourd&rsquo;hui, je suis une personne plus confiante et plus motiv\u00e9e qui a r\u00e9ussi \u00e0 atteindre ses objectifs professionnels et personnels.\u00a0\u00bb<\/p>\n\n\n\n<p>T<strong>\u00e9moignage de Marc: <\/strong>\u00ab\u00a0J&rsquo;ai toujours eu des difficult\u00e9s \u00e0 g\u00e9rer mon temps et \u00e0 \u00eatre productif. J&rsquo;avais tendance \u00e0 procrastiner et \u00e0 perdre du temps sur des t\u00e2ches non prioritaires. Mais apr\u00e8s avoir lu &lsquo;La mentalit\u00e9 du succ\u00e8s&rsquo;, j&rsquo;ai appris \u00e0 \u00e9tablir des priorit\u00e9s claires et \u00e0 g\u00e9rer mon temps efficacement. Maintenant, je suis beaucoup plus productif et je peux accomplir davantage en moins de temps.\u00a0\u00bb<\/p>\n\n\n\n<p><strong>T\u00e9moignage de Marie<\/strong>: \u00ab\u00a0Je me sentais bloqu\u00e9e dans ma carri\u00e8re et je ne savais pas comment avancer. Mais apr\u00e8s avoir suivi les m\u00e9thodes d\u00e9crites dans &lsquo;La mentalit\u00e9 du succ\u00e8s&rsquo;, j&rsquo;ai appris \u00e0 me fixer des objectifs ambitieux et \u00e0 travailler dur pour les atteindre. Aujourd&rsquo;hui, j&rsquo;ai r\u00e9ussi \u00e0 gravir les \u00e9chelons de mon entreprise et je suis fi\u00e8re de ce que j&rsquo;ai accompli.\u00a0\u00bb<\/p>\n\n\n\n<p><strong>T\u00e9moignage de Julien: <\/strong>\u00ab\u00a0J&rsquo;avais du mal \u00e0 g\u00e9rer mes finances et \u00e0 \u00e9conomiser de l&rsquo;argent. Mais en suivant les conseils pratiques de &lsquo;La mentalit\u00e9 du succ\u00e8s&rsquo;, j&rsquo;ai appris \u00e0 \u00e9tablir un budget et \u00e0 \u00e9conomiser r\u00e9guli\u00e8rement. Maintenant, j&rsquo;ai une situation financi\u00e8re plus stable et je suis plus en mesure de r\u00e9aliser mes projets et mes r\u00eaves.\u00a0\u00bb<\/p>\n\n\n\n<p><strong>T\u00e9moignage de Claire<\/strong>: \u00ab\u00a0Avant de lire &lsquo;La mentalit\u00e9 du succ\u00e8s&rsquo;, j&rsquo;\u00e9tais une personne tr\u00e8s n\u00e9gative et je me laissais souvent submerger par mes \u00e9motions. Mais gr\u00e2ce aux conseils de l&rsquo;auteur, j&rsquo;ai appris \u00e0 g\u00e9rer mes \u00e9motions et \u00e0 rester positive en toutes circonstances. Cela a non seulement am\u00e9lior\u00e9 ma sant\u00e9 mentale, mais aussi ma relation avec les autres.\u00a0\u00bb<\/p>\n\n\n\n<p><strong>T\u00e9moignage de Nicolas<\/strong>: \u00ab\u00a0J&rsquo;avais souvent du mal \u00e0 me concentrer sur mes objectifs \u00e0 long terme et je me laissais facilement distraire par des choses sans importance. Mais en suivant les m\u00e9thodes de &lsquo;La mentalit\u00e9 du succ\u00e8s&rsquo;, j&rsquo;ai appris \u00e0 me concentrer sur l&rsquo;essentiel et \u00e0 travailler dur pour atteindre mes objectifs. Aujourd&rsquo;hui, j&rsquo;ai r\u00e9ussi \u00e0 r\u00e9aliser des projets qui semblaient impossibles auparavant.\u00a0\u00bb<\/p>\n\n\n\n<p><strong>T\u00e9moignage de C\u00e9line<\/strong>: \u00ab\u00a0Je me sentais souvent d\u00e9courag\u00e9e et je n&rsquo;arrivais pas \u00e0 trouver ma place dans la vie. Mais en suivant les conseils de &lsquo;La mentalit\u00e9 du succ\u00e8s&rsquo;, j&rsquo;ai appris \u00e0 trouver ma voie et \u00e0 vivre ma vie en accord avec mes valeurs. Maintenant, je me sens beaucoup plus \u00e9panouie et j&rsquo;ai un sentiment de direction claire.\u00a0\u00bb<\/p>\n\n\n\n<p><strong>T\u00e9moignage de Thomas:<\/strong> \u00ab\u00a0Avant de lire &lsquo;La mentalit\u00e9 du succ\u00e8s&rsquo;, je n&rsquo;avais pas confiance en moi et j&rsquo;\u00e9tais souvent trop timide pour parler en public ou pour proposer des id\u00e9es innovantes. Mais gr\u00e2ce aux m\u00e9thodes d\u00e9crites dans le livre, j&rsquo;ai appris \u00e0 sortir de ma zone de confort et \u00e0 prendre des risques. Cela m&rsquo;a permis de d\u00e9crocher des opportunit\u00e9s incroyables et de vivre une vie plus enrichissante.\u00a0\u00bb<\/p>\n\n\n\n<p><strong>T\u00e9moignage de Laura: <\/strong>\u00ab\u00a0Je me sentais souvent submerg\u00e9e par le stress et je n&rsquo;arrivais pas \u00e0 g\u00e9rer mes \u00e9motions. Mais apr\u00e8s avoir lu &lsquo;La mentalit\u00e9 du succ\u00e8s&rsquo;, j&rsquo;ai appris \u00e0 prendre du recul et \u00e0 adopter une perspective plus positive sur la vie. Je me sens beaucoup plus r\u00e9siliente et je suis capable de faire face aux d\u00e9fis de la vie avec plus de s\u00e9r\u00e9nit\u00e9.\u00a0\u00bb<\/p>\n\n\n\n<p><strong>T\u00e9moignage de Maxime: <\/strong>\u00ab\u00a0J&rsquo;\u00e9tais un procrastinateur chronique et je repoussais souvent les t\u00e2ches importantes \u00e0 plus tard. Mais en suivant les m\u00e9thodes d\u00e9crites dans &lsquo;La mentalit\u00e9 du succ\u00e8s&rsquo;, j&rsquo;ai appris \u00e0 me motiver et \u00e0 me fixer des objectifs clairs. Maintenant, je suis capable de prendre des d\u00e9cisions rapidement et de passer \u00e0 l&rsquo;action sans perdre de temps.\u00a0\u00bb<\/p>\n\n\n\n<p><strong>T\u00e9moignage de Marie: <\/strong>\u00ab\u00a0J&rsquo;avais souvent peur de l&rsquo;\u00e9chec et cela m&#8217;emp\u00eachait de r\u00e9aliser mes r\u00eaves. Mais apr\u00e8s avoir lu &lsquo;La mentalit\u00e9 du succ\u00e8s&rsquo;, j&rsquo;ai compris que l&rsquo;\u00e9chec n&rsquo;\u00e9tait pas un obstacle, mais plut\u00f4t une opportunit\u00e9 d&rsquo;apprendre et de grandir. J&rsquo;ai commenc\u00e9 \u00e0 prendre des risques et \u00e0 me fixer des objectifs ambitieux, ce qui m&rsquo;a permis de r\u00e9aliser des choses incroyables.\u00a0\u00bb<\/p>\n\n\n\n<p><strong>T\u00e9moignage de Pierre: <\/strong>\u00ab\u00a0Avant de lire &lsquo;La mentalit\u00e9 du succ\u00e8s&rsquo;, je passais souvent mon temps \u00e0 me plaindre et \u00e0 bl\u00e2mer les autres pour mes probl\u00e8mes. Mais j&rsquo;ai appris que pour changer ma vie, je devais commencer par changer ma mentalit\u00e9. Gr\u00e2ce aux conseils pratiques du livre, j&rsquo;ai d\u00e9velopp\u00e9 une attitude plus positive et constructive, ce qui a eu un impact incroyable sur ma vie personnelle et professionnelle.\u00a0\u00bb<\/p>\n\n\n\n<p><strong>T\u00e9moignage de Sophie:<\/strong> \u00ab\u00a0J&rsquo;avais toujours \u00e9t\u00e9 tr\u00e8s attach\u00e9e au confort et \u00e0 la s\u00e9curit\u00e9, mais cela m&#8217;emp\u00eachait de sortir de ma zone de confort et de r\u00e9aliser mes r\u00eaves. Gr\u00e2ce \u00e0 &lsquo;La mentalit\u00e9 du succ\u00e8s&rsquo;, j&rsquo;ai appris \u00e0 prendre des risques et \u00e0 surmonter mes peurs. J&rsquo;ai commenc\u00e9 \u00e0 explorer de nouvelles avenues et \u00e0 d\u00e9couvrir de nouvelles passions, ce qui a radicalement chang\u00e9 ma vie.\u00a0\u00bb<\/p>\n\n\n\n<p>&#8230;.<\/p>\n\n\n\n<p><\/p>\n","protected":false},"excerpt":{"rendered":"<p>T\u00e9moignage de Sophie: \u00ab\u00a0Avant de lire &lsquo;La mentalit\u00e9 du succ\u00e8s&rsquo;, j&rsquo;\u00e9tais une personne tr\u00e8s anxieuse et peu s\u00fbre de moi. J&rsquo;avais du mal \u00e0 prendre des d\u00e9cisions et \u00e0 sortir de ma zone de confort. Mais gr\u00e2ce aux conseils de&#8230; <a href=\"https:\/\/xn--lamentalitdusuccs-7sbm.com\/index.php\/temoignages\/\" class=\"readmore\">Read more<span class=\"screen-reader-text\">T\u00e9moignages<\/span><span class=\"fa fa-angle-double-right\" aria-hidden=\"true\"><\/span><\/a><\/p>\n","protected":false},"author":1,"featured_media":0,"parent":0,"menu_order":0,"comment_status":"closed","ping_status":"closed","template":"","meta":{"footnotes":""},"class_list":["post-45","page","type-page","status-publish","hentry"],"_links":{"self":[{"href":"https:\/\/xn--lamentalitdusuccs-7sbm.com\/index.php\/wp-json\/wp\/v2\/pages\/45","targetHints":{"allow":["GET"]}}],"collection":[{"href":"https:\/\/xn--lamentalitdusuccs-7sbm.com\/index.php\/wp-json\/wp\/v2\/pages"}],"about":[{"href":"https:\/\/xn--lamentalitdusuccs-7sbm.com\/index.php\/wp-json\/wp\/v2\/types\/page"}],"author":[{"embeddable":true,"href":"https:\/\/xn--lamentalitdusuccs-7sbm.com\/index.php\/wp-json\/wp\/v2\/users\/1"}],"replies":[{"embeddable":true,"href":"https:\/\/xn--lamentalitdusuccs-7sbm.com\/index.php\/wp-json\/wp\/v2\/comments?post=45"}],"version-history":[{"count":1,"href":"https:\/\/xn--lamentalitdusuccs-7sbm.com\/index.php\/wp-json\/wp\/v2\/pages\/45\/revisions"}],"predecessor-version":[{"id":46,"href":"https:\/\/xn--lamentalitdusuccs-7sbm.com\/index.php\/wp-json\/wp\/v2\/pages\/45\/revisions\/46"}],"wp:attachment":[{"href":"https:\/\/xn--lamentalitdusuccs-7sbm.com\/index.php\/wp-json\/wp\/v2\/media?parent=45"}],"curies":[{"name":"wp","href":"https:\/\/api.w.org\/{rel}","templated":true}]}}