{"id":258,"date":"2025-01-11T13:00:47","date_gmt":"2025-01-11T13:00:47","guid":{"rendered":"https:\/\/xn--lamentalitdusuccs-7sbm.com\/?page_id=258"},"modified":"2025-01-11T13:00:47","modified_gmt":"2025-01-11T13:00:47","slug":"quel-est-le-lien-entre-lintelligence-emotionnelle-et-la-mentalite-du-succes","status":"publish","type":"page","link":"https:\/\/xn--lamentalitdusuccs-7sbm.com\/index.php\/quel-est-le-lien-entre-lintelligence-emotionnelle-et-la-mentalite-du-succes\/","title":{"rendered":"Quel est le lien entre l\u2019intelligence \u00e9motionnelle et la mentalit\u00e9 du succ\u00e8s ?"},"content":{"rendered":"\n<p>Il est une v\u00e9rit\u00e9 incontestable : r\u00e9ussir dans la vie ne repose pas uniquement sur des comp\u00e9tences techniques ou sur une intelligence purement rationnelle. Tout cela peut vous mener loin, certes, mais ce qui va vraiment faire la diff\u00e9rence, c\u2019est votre capacit\u00e9 \u00e0 g\u00e9rer vos \u00e9motions et \u00e0 comprendre celles des autres. Vous avez bien entendu, l\u2019intelligence \u00e9motionnelle, ou comment votre aptitude \u00e0 interagir avec vos propres \u00e9motions et celles des autres va d\u00e9finir votre r\u00e9ussite. Mais qu\u2019en est-il exactement ? Quel est le lien concret entre l\u2019intelligence \u00e9motionnelle et la mentalit\u00e9 du succ\u00e8s ? C\u2019est ce que nous allons explorer ensemble dans cet article. Accrochez-vous, car cette d\u00e9couverte pourrait bien transformer votre fa\u00e7on de penser et d&rsquo;agir au quotidien !<\/p>\n\n\n\n<p>L\u2019intelligence \u00e9motionnelle, c\u2019est cette capacit\u00e9 \u00e0 reconna\u00eetre, comprendre et ma\u00eetriser ses \u00e9motions tout en sachant g\u00e9rer celles des autres. En d\u2019autres termes, c\u2019est l\u2019art de se comprendre soi-m\u00eame pour mieux comprendre le monde qui nous entoure. Imaginez un instant que vous soyez capable de rester calme et r\u00e9fl\u00e9chi face \u00e0 un obstacle, de transformer une frustration en \u00e9nergie positive ou encore d\u2019apaiser une situation tendue avec une simple parole bien choisie. En cultivant cette comp\u00e9tence, vous devenez une personne qui r\u00e9agit intelligemment aux d\u00e9fis de la vie, au lieu de vous laisser submerger par eux. Voil\u00e0 la base d\u2019une mentalit\u00e9 de succ\u00e8s.<\/p>\n\n\n\n<p><strong>Les avantages au quotidien : une gestion optimis\u00e9e des \u00e9motions<\/strong><\/p>\n\n\n\n<p>Votre journ\u00e9e, de fa\u00e7on pratique, commence d\u00e8s le matin. L\u2019intelligence \u00e9motionnelle vous permet d\u2019aborder votre journ\u00e9e avec une clart\u00e9 d\u2019esprit et une s\u00e9r\u00e9nit\u00e9 qui, \u00e0 terme, auront un impact direct sur votre productivit\u00e9. Prenons un exemple simple : au travail, vous faites face \u00e0 un coll\u00e8gue difficile, ou vous avez un projet important qui vous stresse. Plut\u00f4t que de c\u00e9der \u00e0 la panique ou \u00e0 la col\u00e8re, l\u2019intelligence \u00e9motionnelle vous aide \u00e0 prendre du recul, \u00e0 respirer profond\u00e9ment et \u00e0 r\u00e9pondre de mani\u00e8re constructive. Vous ne laissez pas vos \u00e9motions n\u00e9gatives diriger vos actions. Vous \u00eates ma\u00eetre de vos r\u00e9actions.<\/p>\n\n\n\n<p>Cela s\u2019applique aussi dans vos relations personnelles. Les gens sont souvent attir\u00e9s par ceux qui savent \u00e9couter, comprendre et r\u00e9agir de mani\u00e8re empathique. Avec l\u2019intelligence \u00e9motionnelle, vous devenez cette personne qui inspire confiance et bienveillance autour de vous. En \u00e9coutant v\u00e9ritablement vos proches, vous pouvez mieux comprendre leurs besoins et leurs \u00e9motions, ce qui renforce vos relations et favorise une atmosph\u00e8re positive.<\/p>\n\n\n\n<p><strong>Exemples concrets pour illustrer cette mentalit\u00e9 du succ\u00e8s<\/strong><\/p>\n\n\n\n<p>Imaginez un entrepreneur qui, face \u00e0 un \u00e9chec, ne se laisse pas abattre. Au lieu de se concentrer sur la d\u00e9ception, il utilise son intelligence \u00e9motionnelle pour analyser ce qui n\u2019a pas fonctionn\u00e9 et en tirer des le\u00e7ons. Plut\u00f4t que de se laisser envahir par la peur de l\u2019\u00e9chec, il la transforme en une motivation pour avancer. L\u2019\u00e9chec devient une \u00e9tape vers le succ\u00e8s, non une fin.<\/p>\n\n\n\n<p>Prenons un autre exemple, celui d\u2019un athl\u00e8te de haut niveau. Vous le voyez sur le podium, apr\u00e8s une victoire. Derri\u00e8re cet instant de gloire, des ann\u00e9es d\u2019entra\u00eenement, de sacrifices et de doutes. L\u2019intelligence \u00e9motionnelle entre en jeu ici, car pour arriver \u00e0 ce niveau, l\u2019athl\u00e8te doit savoir contr\u00f4ler ses \u00e9motions, g\u00e9rer son stress et maintenir une attitude positive face \u00e0 l\u2019adversit\u00e9. La r\u00e9ussite n\u2019est pas le fruit du hasard, mais celui d\u2019une gestion \u00e9motionnelle optimale.<\/p>\n\n\n\n<p><strong>Conseils personnalis\u00e9s pour cultiver votre propre intelligence \u00e9motionnelle<\/strong><\/p>\n\n\n\n<p>Maintenant que vous avez compris les bases, comment mettre tout cela en pratique dans votre vie ? Voici quelques conseils simples, mais puissants, pour d\u00e9velopper votre propre intelligence \u00e9motionnelle :<\/p>\n\n\n\n<ol class=\"wp-block-list\">\n<li><strong>Pratiquez la pleine conscience<\/strong> : Accordez-vous des moments pour observer vos \u00e9motions sans jugement. Prenez conscience de vos ressentis, de vos pens\u00e9es, sans les laisser prendre le dessus.<\/li>\n\n\n\n<li><strong>Apprenez \u00e0 \u00e9couter activement<\/strong> : Quand quelqu\u2019un vous parle, soyez totalement pr\u00e9sent. Ne pensez pas \u00e0 ce que vous allez r\u00e9pondre. \u00c9coutez vraiment ce que l\u2019autre dit et ressentez ce qu\u2019il ou elle vit.<\/li>\n\n\n\n<li><strong>R\u00e9fl\u00e9chissez avant d\u2019agir<\/strong> : Au lieu de r\u00e9agir imm\u00e9diatement \u00e0 une situation \u00e9motionnellement charg\u00e9e, prenez un moment pour respirer et \u00e9valuer la meilleure fa\u00e7on de r\u00e9pondre.<\/li>\n\n\n\n<li><strong>Transformez vos \u00e9checs en apprentissage<\/strong> : Un \u00e9chec est toujours une occasion de grandir. Plut\u00f4t que de vous laisser d\u00e9moraliser, demandez-vous ce que vous pouvez en tirer pour r\u00e9ussir la prochaine fois.<\/li>\n\n\n\n<li><strong>Exprimez-vous avec empathie<\/strong> : Que ce soit dans vos relations professionnelles ou personnelles, apprenez \u00e0 vous exprimer d\u2019une mani\u00e8re qui montre que vous comprenez les \u00e9motions des autres. Un mot gentil ou un geste attentionn\u00e9 peut tout changer.<\/li>\n<\/ol>\n\n\n\n<p><strong>Conclusion : pour r\u00e9ussir, connectez-vous \u00e0 vos \u00e9motions<\/strong><\/p>\n\n\n\n<p>L\u2019intelligence \u00e9motionnelle n\u2019est pas un talent inn\u00e9, mais une comp\u00e9tence que vous pouvez cultiver et am\u00e9liorer. Elle est le socle sur lequel repose une mentalit\u00e9 de succ\u00e8s, car elle vous permet de naviguer dans les hauts et les bas de la vie avec confiance, calme et lucidit\u00e9. En apprenant \u00e0 mieux vous conna\u00eetre, \u00e0 g\u00e9rer vos \u00e9motions et \u00e0 comprendre celles des autres, vous deviendrez une personne plus \u00e9panouie, plus efficace et surtout plus r\u00e9ussie. Votre avenir est entre vos mains, et il commence par la ma\u00eetrise de vos \u00e9motions.<\/p>\n\n\n\n<p class=\"has-vivid-red-color has-text-color has-link-color wp-elements-d8cd7dfc007125f8d9af22d01eac60a8\"><strong>Merci de lire cet article. Si vous pensez que cette information peut aider quelqu\u2019un d\u2019autre, n\u2019h\u00e9sitez pas \u00e0 le partager. C\u2019est ainsi que nous grandissons ensemble.<\/strong><\/p>\n\n\n\n<p>Guido SAVERIO<\/p>\n\n\n\n<p><\/p>\n","protected":false},"excerpt":{"rendered":"<p>Il est une v\u00e9rit\u00e9 incontestable : r\u00e9ussir dans la vie ne repose pas uniquement sur des comp\u00e9tences techniques ou sur une intelligence purement rationnelle. Tout cela peut vous mener loin, certes, mais ce qui va vraiment faire la diff\u00e9rence, c\u2019est&#8230; <a href=\"https:\/\/xn--lamentalitdusuccs-7sbm.com\/index.php\/quel-est-le-lien-entre-lintelligence-emotionnelle-et-la-mentalite-du-succes\/\" class=\"readmore\">Read more<span class=\"screen-reader-text\">Quel est le lien entre l\u2019intelligence \u00e9motionnelle et la mentalit\u00e9 du succ\u00e8s ?<\/span><span class=\"fa fa-angle-double-right\" aria-hidden=\"true\"><\/span><\/a><\/p>\n","protected":false},"author":1,"featured_media":0,"parent":0,"menu_order":0,"comment_status":"closed","ping_status":"closed","template":"","meta":{"footnotes":""},"class_list":["post-258","page","type-page","status-publish","hentry"],"_links":{"self":[{"href":"https:\/\/xn--lamentalitdusuccs-7sbm.com\/index.php\/wp-json\/wp\/v2\/pages\/258","targetHints":{"allow":["GET"]}}],"collection":[{"href":"https:\/\/xn--lamentalitdusuccs-7sbm.com\/index.php\/wp-json\/wp\/v2\/pages"}],"about":[{"href":"https:\/\/xn--lamentalitdusuccs-7sbm.com\/index.php\/wp-json\/wp\/v2\/types\/page"}],"author":[{"embeddable":true,"href":"https:\/\/xn--lamentalitdusuccs-7sbm.com\/index.php\/wp-json\/wp\/v2\/users\/1"}],"replies":[{"embeddable":true,"href":"https:\/\/xn--lamentalitdusuccs-7sbm.com\/index.php\/wp-json\/wp\/v2\/comments?post=258"}],"version-history":[{"count":1,"href":"https:\/\/xn--lamentalitdusuccs-7sbm.com\/index.php\/wp-json\/wp\/v2\/pages\/258\/revisions"}],"predecessor-version":[{"id":259,"href":"https:\/\/xn--lamentalitdusuccs-7sbm.com\/index.php\/wp-json\/wp\/v2\/pages\/258\/revisions\/259"}],"wp:attachment":[{"href":"https:\/\/xn--lamentalitdusuccs-7sbm.com\/index.php\/wp-json\/wp\/v2\/media?parent=258"}],"curies":[{"name":"wp","href":"https:\/\/api.w.org\/{rel}","templated":true}]}}