{"id":252,"date":"2025-01-11T12:48:39","date_gmt":"2025-01-11T12:48:39","guid":{"rendered":"https:\/\/xn--lamentalitdusuccs-7sbm.com\/?page_id=252"},"modified":"2025-01-11T12:48:39","modified_gmt":"2025-01-11T12:48:39","slug":"comment-une-mentalite-de-succes-sapplique-t-elle-au-domaine-professionnel","status":"publish","type":"page","link":"https:\/\/xn--lamentalitdusuccs-7sbm.com\/index.php\/comment-une-mentalite-de-succes-sapplique-t-elle-au-domaine-professionnel\/","title":{"rendered":"Comment une mentalit\u00e9 de succ\u00e8s s\u2019applique-t-elle au domaine professionnel ?"},"content":{"rendered":"\n<p>Si vous \u00eates ici aujourd\u2019hui, c\u2019est que vous souhaitez savoir comment adopter une mentalit\u00e9 de succ\u00e8s pour transformer votre vie professionnelle. Vous avez sans doute remarqu\u00e9 que certains r\u00e9ussissent \u00e0 briller, \u00e0 se d\u00e9marquer, \u00e0 obtenir ce qu\u2019ils veulent, tandis que d&rsquo;autres semblent \u00eatre coinc\u00e9s dans une routine sans fin, malgr\u00e9 tous leurs efforts. Mais qu&rsquo;est-ce qui fait la diff\u00e9rence ? C\u2019est la mentalit\u00e9, une vision particuli\u00e8re du monde qui vous permet non seulement d&rsquo;agir de mani\u00e8re strat\u00e9gique, mais aussi de surmonter les obstacles avec une \u00e9nergie in\u00e9branlable.<\/p>\n\n\n\n<p>La mentalit\u00e9 de succ\u00e8s ne se r\u00e9sume pas \u00e0 avoir de la chance ou \u00e0 attendre que les opportunit\u00e9s se pr\u00e9sentent. Elle s\u2019applique dans tout ce que vous entreprenez : que vous soyez salari\u00e9, entrepreneur ou freelance, adopter une mentalit\u00e9 de succ\u00e8s vous permet de mieux g\u00e9rer vos d\u00e9fis, d\u2019atteindre vos objectifs et d\u2019avancer avec confiance.<\/p>\n\n\n\n<p>La premi\u00e8re \u00e9tape est de comprendre que <strong>le succ\u00e8s commence dans votre t\u00eate<\/strong>. Votre mani\u00e8re de penser fa\u00e7onne votre r\u00e9alit\u00e9. Si vous croyez que vous pouvez r\u00e9ussir, vous allez chercher des solutions, voir les opportunit\u00e9s l\u00e0 o\u00f9 d&rsquo;autres ne voient que des obstacles. Par exemple, imaginons que vous deviez g\u00e9rer un projet complexe au travail. Si vous avez une mentalit\u00e9 de succ\u00e8s, vous aborderez ce d\u00e9fi comme une occasion d\u2019apprendre et de vous am\u00e9liorer. Plut\u00f4t que de vous concentrer sur les difficult\u00e9s, vous allez vous demander : \u00ab\u00a0Comment puis-je faire mieux ? Quel est l\u2019aspect de ce projet qui peut m\u2019aider \u00e0 grandir ?\u00a0\u00bb Vous commencez \u00e0 penser en termes de possibilit\u00e9s, et non de limitations.<\/p>\n\n\n\n<p>La mentalit\u00e9 de succ\u00e8s vous aide \u00e9galement \u00e0 <strong>g\u00e9rer vos \u00e9motions et \u00e0 rester motiv\u00e9<\/strong>. Dans le monde professionnel, il est facile de se laisser submerger par les \u00e9checs ou les critiques. Mais une personne avec une mentalit\u00e9 de succ\u00e8s sait que ces moments ne sont pas d\u00e9finitifs. Un \u00e9chec n\u2019est jamais la fin, mais une \u00e9tape d\u2019apprentissage. Par exemple, si vous avez pr\u00e9sent\u00e9 un projet et qu\u2019il n\u2019a pas \u00e9t\u00e9 accept\u00e9, au lieu de vous sentir d\u00e9courag\u00e9, demandez-vous ce que vous pouvez am\u00e9liorer. Ce processus de r\u00e9flexion vous permet de rester focus et d\u2019apprendre continuellement de vos exp\u00e9riences.<\/p>\n\n\n\n<p>Une autre caract\u00e9ristique essentielle de la mentalit\u00e9 de succ\u00e8s est la <strong>discipline<\/strong>. C\u2019est elle qui vous pousse \u00e0 passer \u00e0 l\u2019action, m\u00eame quand l\u2019enthousiasme initial se dissipe. Imaginez-vous au travail, vous avez une t\u00e2che difficile \u00e0 accomplir. Vous pourriez facilement procrastiner, vous dire que vous vous y attaquerez plus tard. Mais une personne ayant une mentalit\u00e9 de succ\u00e8s sait que chaque minute compte et que c\u2019est en agissant d\u00e8s maintenant que vous avancerez vers vos objectifs. La discipline est un muscle que vous pouvez renforcer avec la pratique. Chaque petite action positive que vous entreprenez aujourd\u2019hui construit votre succ\u00e8s de demain.<\/p>\n\n\n\n<p>Pour appliquer cette mentalit\u00e9 \u00e0 votre quotidien professionnel, voici quelques <strong>conseils pratiques et personnalis\u00e9s<\/strong> :<\/p>\n\n\n\n<ol class=\"wp-block-list\">\n<li><strong>Fixez des objectifs clairs<\/strong> : Un objectif vague ne m\u00e8ne \u00e0 rien. Soyez pr\u00e9cis dans ce que vous voulez accomplir. Au lieu de dire \u00ab\u00a0Je veux r\u00e9ussir\u00a0\u00bb, dites \u00ab\u00a0Je veux obtenir cette promotion d\u2019ici six mois\u00a0\u00bb. Cette pr\u00e9cision vous aidera \u00e0 concentrer vos efforts.<\/li>\n\n\n\n<li><strong>Visualisez votre succ\u00e8s<\/strong> : Prenez quelques minutes chaque jour pour vous visualiser atteignant vos objectifs. Imaginez la sensation de r\u00e9ussite, la fiert\u00e9 de votre travail accompli. Cela vous motivera \u00e0 rester sur la bonne voie.<\/li>\n\n\n\n<li><strong>Restez positif face aux d\u00e9fis<\/strong> : Ne laissez pas un \u00e9chec vous d\u00e9finir. Apprenez de chaque situation et consid\u00e9rez chaque obstacle comme une opportunit\u00e9 d\u2019am\u00e9lioration.<\/li>\n\n\n\n<li><strong>Entourez-vous des bonnes personnes<\/strong> : Les personnes qui vous entourent influencent votre \u00e9tat d\u2019esprit. Entourez-vous de ceux qui vous soutiennent et qui croient en votre potentiel.<\/li>\n\n\n\n<li><strong>Soyez pers\u00e9v\u00e9rant<\/strong> : Le succ\u00e8s n\u2019arrive pas du jour au lendemain. Il n\u00e9cessite du temps, des efforts et de la pers\u00e9v\u00e9rance. N\u2019abandonnez jamais, m\u00eame lorsque la route semble longue.<\/li>\n<\/ol>\n\n\n\n<p>Adopter une mentalit\u00e9 de succ\u00e8s, c\u2019est avoir la conviction que <strong>vous \u00eates ma\u00eetre de votre destin professionnel<\/strong>. C\u2019est choisir de voir les possibilit\u00e9s plut\u00f4t que les obstacles, de rester motiv\u00e9 m\u00eame lorsque les choses se compliquent, et de prendre des d\u00e9cisions audacieuses en toute confiance.<\/p>\n\n\n\n<p>Si vous appliquez ces principes dans votre travail quotidien, vous verrez une diff\u00e9rence notable dans vos r\u00e9sultats. Le chemin vers le succ\u00e8s peut sembler difficile, mais il est aussi passionnant et riche d\u2019opportunit\u00e9s. Vous avez tout ce qu\u2019il faut pour r\u00e9ussir, il suffit de croire en vous et d\u2019agir.<\/p>\n\n\n\n<p class=\"has-vivid-red-color has-text-color has-link-color wp-elements-e180c6ad21e31a736e1fc409b8f56b92\"><strong>N\u2019oubliez pas de partager cet article avec ceux qui pourraient en b\u00e9n\u00e9ficier. Vous pourriez \u00eatre la personne qui change la trajectoire professionnelle de quelqu\u2019un d&rsquo;autre. Merci de m&rsquo;avoir lu, et rappelez-vous, le succ\u00e8s commence dans votre t\u00eate.<\/strong><\/p>\n\n\n\n<p>Guido SAVERIO.<\/p>\n","protected":false},"excerpt":{"rendered":"<p>Si vous \u00eates ici aujourd\u2019hui, c\u2019est que vous souhaitez savoir comment adopter une mentalit\u00e9 de succ\u00e8s pour transformer votre vie professionnelle. Vous avez sans doute remarqu\u00e9 que certains r\u00e9ussissent \u00e0 briller, \u00e0 se d\u00e9marquer, \u00e0 obtenir ce qu\u2019ils veulent, tandis&#8230; <a href=\"https:\/\/xn--lamentalitdusuccs-7sbm.com\/index.php\/comment-une-mentalite-de-succes-sapplique-t-elle-au-domaine-professionnel\/\" class=\"readmore\">Read more<span class=\"screen-reader-text\">Comment une mentalit\u00e9 de succ\u00e8s s\u2019applique-t-elle au domaine professionnel ?<\/span><span class=\"fa fa-angle-double-right\" aria-hidden=\"true\"><\/span><\/a><\/p>\n","protected":false},"author":1,"featured_media":0,"parent":0,"menu_order":0,"comment_status":"closed","ping_status":"closed","template":"","meta":{"footnotes":""},"class_list":["post-252","page","type-page","status-publish","hentry"],"_links":{"self":[{"href":"https:\/\/xn--lamentalitdusuccs-7sbm.com\/index.php\/wp-json\/wp\/v2\/pages\/252","targetHints":{"allow":["GET"]}}],"collection":[{"href":"https:\/\/xn--lamentalitdusuccs-7sbm.com\/index.php\/wp-json\/wp\/v2\/pages"}],"about":[{"href":"https:\/\/xn--lamentalitdusuccs-7sbm.com\/index.php\/wp-json\/wp\/v2\/types\/page"}],"author":[{"embeddable":true,"href":"https:\/\/xn--lamentalitdusuccs-7sbm.com\/index.php\/wp-json\/wp\/v2\/users\/1"}],"replies":[{"embeddable":true,"href":"https:\/\/xn--lamentalitdusuccs-7sbm.com\/index.php\/wp-json\/wp\/v2\/comments?post=252"}],"version-history":[{"count":1,"href":"https:\/\/xn--lamentalitdusuccs-7sbm.com\/index.php\/wp-json\/wp\/v2\/pages\/252\/revisions"}],"predecessor-version":[{"id":253,"href":"https:\/\/xn--lamentalitdusuccs-7sbm.com\/index.php\/wp-json\/wp\/v2\/pages\/252\/revisions\/253"}],"wp:attachment":[{"href":"https:\/\/xn--lamentalitdusuccs-7sbm.com\/index.php\/wp-json\/wp\/v2\/media?parent=252"}],"curies":[{"name":"wp","href":"https:\/\/api.w.org\/{rel}","templated":true}]}}