{"id":244,"date":"2025-01-11T12:41:52","date_gmt":"2025-01-11T12:41:52","guid":{"rendered":"https:\/\/xn--lamentalitdusuccs-7sbm.com\/?page_id=244"},"modified":"2025-01-11T12:41:52","modified_gmt":"2025-01-11T12:41:52","slug":"comment-fixer-des-objectifs-smart-pour-renforcer-la-mentalite-du-succes","status":"publish","type":"page","link":"https:\/\/xn--lamentalitdusuccs-7sbm.com\/index.php\/comment-fixer-des-objectifs-smart-pour-renforcer-la-mentalite-du-succes\/","title":{"rendered":"Comment fixer des objectifs SMART pour renforcer la mentalit\u00e9 du succ\u00e8s ?"},"content":{"rendered":"\n<p>La cl\u00e9 pour atteindre le succ\u00e8s n\u2019est pas simplement d\u2019avoir des r\u00eaves, mais de savoir comment les transformer en objectifs clairs et atteignables. Vous avez peut-\u00eatre d\u00e9j\u00e0 entendu parler des objectifs SMART, un outil puissant pour structurer vos ambitions et booster votre mentalit\u00e9 de r\u00e9ussite. Mais pourquoi sont-ils si efficaces ? C&rsquo;est simple : en les appliquant, vous ne laissez plus de place \u00e0 l&rsquo;incertitude. Vous vous dotez d&rsquo;une feuille de route, d&rsquo;une direction claire qui vous guide pas \u00e0 pas vers vos r\u00eaves. Imaginez que vous soyez un navigateur en mer, et vos objectifs SMART sont votre carte, vos rep\u00e8res pour ne jamais vous \u00e9garer. Voyons comment ce syst\u00e8me peut transformer votre vie, au quotidien, pour r\u00e9ussir l\u00e0 o\u00f9 d&rsquo;autres \u00e9chouent.<\/p>\n\n\n\n<p>Les objectifs SMART sont tout simplement un moyen d\u2019\u00eatre plus strat\u00e9gique dans vos efforts. SMART est un acronyme qui signifie : Sp\u00e9cifique, Mesurable, Atteignable, R\u00e9aliste et Temporel. En r\u00e9sum\u00e9, il s\u2019agit de transformer un simple r\u00eave en un objectif que vous pouvez r\u00e9ellement atteindre. Prenons un exemple simple : au lieu de dire \u00ab\u00a0Je veux \u00eatre plus en forme\u00a0\u00bb, il est plus utile de dire \u00ab\u00a0Je vais courir 3 fois par semaine pendant 30 minutes pendant les 3 prochains mois\u00a0\u00bb. Cette formulation vous donne non seulement un plan d\u2019action concret mais aussi une mesure claire du succ\u00e8s.<\/p>\n\n\n\n<p>La beaut\u00e9 des objectifs SMART, c&rsquo;est qu&rsquo;ils vous aident \u00e0 rester motiv\u00e9, \u00e0 garder le cap et \u00e0 c\u00e9l\u00e9brer chaque petite victoire. Lorsque vous d\u00e9finissez des objectifs sp\u00e9cifiques, vous pouvez vous concentrer sur des actions pr\u00e9cises. Vous pouvez mesurer vos progr\u00e8s et ajuster vos efforts au fur et \u00e0 mesure. Par exemple, imaginez que vous souhaitiez obtenir une promotion. Plut\u00f4t que de simplement \u00ab\u00a0travailler plus dur\u00a0\u00bb, vous pourriez d\u00e9finir un objectif SMART tel que : \u00ab\u00a0Obtenir une promotion dans les 6 prochains mois en suivant une formation sp\u00e9cifique, en augmentant ma productivit\u00e9 de 20% et en obtenant des retours positifs de mes sup\u00e9rieurs\u00a0\u00bb. Ce type d\u2019objectif est pr\u00e9cis, mesurable et surtout, il vous pousse \u00e0 passer \u00e0 l\u2019action.<\/p>\n\n\n\n<p>Bien s\u00fbr, la mise en place de ces objectifs n\u00e9cessite de prendre en compte votre propre situation. Quelles sont vos priorit\u00e9s ? De quelles ressources disposez-vous ? \u00cates-vous pr\u00eat \u00e0 faire les efforts n\u00e9cessaires pour r\u00e9aliser vos objectifs ? Tout cela doit \u00eatre pris en compte pour d\u00e9finir des objectifs \u00e0 la fois atteignables et r\u00e9alistes. Si vous travaillez d\u00e9j\u00e0 50 heures par semaine, il serait peut-\u00eatre d\u00e9raisonnable de vous fixer comme objectif de courir un marathon dans 3 mois, \u00e0 moins d\u2019avoir le temps de vous entra\u00eener. Il est donc essentiel de bien comprendre o\u00f9 vous en \u00eates avant de d\u00e9finir des objectifs.<\/p>\n\n\n\n<p>Fixer des objectifs SMART peut aussi avoir un impact profond sur votre mentalit\u00e9. Cela vous permet de garder une vision positive, d\u2019\u00e9viter le d\u00e9couragement et de voir chaque petit progr\u00e8s comme une victoire. Vous devenez plus r\u00e9silient, plus d\u00e9termin\u00e9. Chaque \u00e9tape franchie vous motive \u00e0 aller plus loin. Ce processus cr\u00e9e une dynamique positive qui vous propulse. Vous pouvez vous dire, \u00ab\u00a0Regardez ce que j&rsquo;ai accompli, je peux faire encore plus !\u00a0\u00bb.<\/p>\n\n\n\n<p>Prenons l\u2019exemple d&rsquo;une personne souhaitant am\u00e9liorer sa gestion du temps. Plut\u00f4t que de simplement se dire qu&rsquo;elle veut \u00ab\u00a0mieux s&rsquo;organiser\u00a0\u00bb, un objectif SMART serait \u00ab\u00a0R\u00e9duire mon temps de procrastination de 50% en planifiant ma journ\u00e9e la veille, en utilisant des outils de gestion du temps, et en respectant strictement ces plannings pendant 30 jours\u00a0\u00bb. Cet objectif est pr\u00e9cis, mesurable, et surtout, il cr\u00e9e un cadre qui permet d&rsquo;agir. Vous pouvez imm\u00e9diatement voir o\u00f9 vous avez progress\u00e9, ce qui vous permet de rester motiv\u00e9.<\/p>\n\n\n\n<p>La mise en \u0153uvre des objectifs SMART dans votre vie quotidienne vous aidera \u00e0 renforcer votre mentalit\u00e9 de succ\u00e8s. Vous ne serez plus celui qui r\u00eave sans agir. Vous serez une personne qui avance chaque jour, un peu plus pr\u00e8s de ses r\u00eaves. Rappelez-vous que chaque petit pas est une victoire. Fixez des objectifs SMART, et vous verrez votre mentalit\u00e9 se transformer : vous deviendrez un vrai b\u00e2tisseur de succ\u00e8s.<\/p>\n\n\n\n<p><strong>Guido SAVERIO<\/strong><\/p>\n\n\n\n<p class=\"has-vivid-red-color has-text-color has-link-color wp-elements-9bb7d2eaff396b0f8a623ad9c5e95bf8\"><strong>Merci d\u2019avoir pris le temps de lire cet article. Si vous l&rsquo;avez trouv\u00e9 utile, partagez-le avec vos proches pour qu\u2019ils puissent eux aussi b\u00e9n\u00e9ficier de ces conseils. Le succ\u00e8s est encore plus beau lorsqu&rsquo;il est partag\u00e9 !<\/strong><\/p>\n","protected":false},"excerpt":{"rendered":"<p>La cl\u00e9 pour atteindre le succ\u00e8s n\u2019est pas simplement d\u2019avoir des r\u00eaves, mais de savoir comment les transformer en objectifs clairs et atteignables. Vous avez peut-\u00eatre d\u00e9j\u00e0 entendu parler des objectifs SMART, un outil puissant pour structurer vos ambitions et&#8230; <a href=\"https:\/\/xn--lamentalitdusuccs-7sbm.com\/index.php\/comment-fixer-des-objectifs-smart-pour-renforcer-la-mentalite-du-succes\/\" class=\"readmore\">Read more<span class=\"screen-reader-text\">Comment fixer des objectifs SMART pour renforcer la mentalit\u00e9 du succ\u00e8s ?<\/span><span class=\"fa fa-angle-double-right\" aria-hidden=\"true\"><\/span><\/a><\/p>\n","protected":false},"author":1,"featured_media":0,"parent":0,"menu_order":0,"comment_status":"closed","ping_status":"closed","template":"","meta":{"footnotes":""},"class_list":["post-244","page","type-page","status-publish","hentry"],"_links":{"self":[{"href":"https:\/\/xn--lamentalitdusuccs-7sbm.com\/index.php\/wp-json\/wp\/v2\/pages\/244","targetHints":{"allow":["GET"]}}],"collection":[{"href":"https:\/\/xn--lamentalitdusuccs-7sbm.com\/index.php\/wp-json\/wp\/v2\/pages"}],"about":[{"href":"https:\/\/xn--lamentalitdusuccs-7sbm.com\/index.php\/wp-json\/wp\/v2\/types\/page"}],"author":[{"embeddable":true,"href":"https:\/\/xn--lamentalitdusuccs-7sbm.com\/index.php\/wp-json\/wp\/v2\/users\/1"}],"replies":[{"embeddable":true,"href":"https:\/\/xn--lamentalitdusuccs-7sbm.com\/index.php\/wp-json\/wp\/v2\/comments?post=244"}],"version-history":[{"count":1,"href":"https:\/\/xn--lamentalitdusuccs-7sbm.com\/index.php\/wp-json\/wp\/v2\/pages\/244\/revisions"}],"predecessor-version":[{"id":245,"href":"https:\/\/xn--lamentalitdusuccs-7sbm.com\/index.php\/wp-json\/wp\/v2\/pages\/244\/revisions\/245"}],"wp:attachment":[{"href":"https:\/\/xn--lamentalitdusuccs-7sbm.com\/index.php\/wp-json\/wp\/v2\/media?parent=244"}],"curies":[{"name":"wp","href":"https:\/\/api.w.org\/{rel}","templated":true}]}}