{"id":242,"date":"2025-01-11T12:40:16","date_gmt":"2025-01-11T12:40:16","guid":{"rendered":"https:\/\/xn--lamentalitdusuccs-7sbm.com\/?page_id=242"},"modified":"2025-01-11T12:40:16","modified_gmt":"2025-01-11T12:40:16","slug":"quelles-habitudes-peuvent-transformer-votre-etat-desprit-pour-reussir","status":"publish","type":"page","link":"https:\/\/xn--lamentalitdusuccs-7sbm.com\/index.php\/quelles-habitudes-peuvent-transformer-votre-etat-desprit-pour-reussir\/","title":{"rendered":"Quelles habitudes peuvent transformer votre \u00e9tat d&rsquo;esprit pour r\u00e9ussir ?"},"content":{"rendered":"\n<p>Le secret pour r\u00e9ussir ne r\u00e9side pas dans une seule action spectaculaire ou un grand coup de chance. Non, ce qui change v\u00e9ritablement le cours de votre vie, ce sont les petites habitudes que vous cultivez chaque jour. Ces petites actions, \u00e0 premi\u00e8re vue insignifiantes, ont un pouvoir \u00e9norme lorsqu\u2019elles sont r\u00e9alis\u00e9es avec r\u00e9gularit\u00e9 et intention. Dans cet article, nous allons d\u00e9couvrir ensemble comment de simples habitudes peuvent transformer votre \u00e9tat d\u2019esprit et vous propulser vers le succ\u00e8s, dans tous les domaines de votre vie.<\/p>\n\n\n\n<p>Imaginez un instant que vous d\u00e9cidiez de prendre une nouvelle habitude, comme commencer votre journ\u00e9e par un moment de calme et de r\u00e9flexion. Quelques minutes pour respirer profond\u00e9ment, faire un peu de m\u00e9ditation ou simplement \u00e9crire ce pour quoi vous \u00eates reconnaissant. Cela peut sembler anodin, mais au fil du temps, cette pratique a un impact colossal sur votre mental. Elle vous aide \u00e0 d\u00e9marrer la journ\u00e9e avec une \u00e9nergie positive, une concentration accrue et une vision claire de ce que vous voulez accomplir. Ce genre d\u2019habitude modifie en profondeur votre \u00e9tat d\u2019esprit, cr\u00e9ant ainsi un terreau fertile pour la r\u00e9ussite.<\/p>\n\n\n\n<p>Les avantages d\u2019une telle habitude sont multiples. Non seulement vous am\u00e9liorez votre bien-\u00eatre mental, mais vous cr\u00e9ez un cercle vertueux : la pens\u00e9e positive conduit \u00e0 de meilleures actions, qui \u00e0 leur tour g\u00e9n\u00e8rent des r\u00e9sultats plus probants. C\u2019est un peu comme si vous mettiez en place des fondations solides sur lesquelles vous pouvez b\u00e2tir vos succ\u00e8s futurs.<\/p>\n\n\n\n<p>Un autre exemple concret : le simple fait de planifier ses journ\u00e9es de mani\u00e8re strat\u00e9gique. C\u2019est une habitude que beaucoup de gens n\u00e9gligent, pourtant elle peut changer la donne. Au lieu de commencer votre journ\u00e9e en mode r\u00e9actif, en r\u00e9pondant aux demandes urgentes des autres, vous pouvez prendre quelques minutes pour \u00e9tablir une liste de priorit\u00e9s. Cela vous permet non seulement de mieux g\u00e9rer votre temps, mais aussi de rester concentr\u00e9 sur ce qui est r\u00e9ellement important pour vous. Imaginez l&rsquo;impact de ce geste sur vos performances : chaque t\u00e2che accomplie devient une petite victoire, un pas de plus vers la r\u00e9alisation de vos objectifs.<\/p>\n\n\n\n<p>Mais attention, la cl\u00e9 de ces habitudes r\u00e9side dans la constance. Elles doivent \u00eatre int\u00e9gr\u00e9es dans votre quotidien d\u2019une mani\u00e8re durable. C\u2019est en r\u00e9p\u00e9tant ces gestes simples chaque jour, avec la conviction qu\u2019ils vous rapprochent de vos r\u00eaves, que vous finirez par observer un changement radical dans votre \u00e9tat d\u2019esprit. Et ce changement n\u2019est pas uniquement mental, il est aussi \u00e9motionnel. Vous serez plus serein, plus motiv\u00e9 et, surtout, plus s\u00fbr de vous. Car oui, l\u2019habitude de croire en soi, de se dire \u00ab\u00a0je suis capable\u00a0\u00bb, chaque jour, cr\u00e9e un mental d\u2019acier.<\/p>\n\n\n\n<p>Enfin, permettez-moi de vous donner un dernier conseil : n\u2019ayez pas peur de vous entourer des bonnes personnes. Nous ne sommes pas seuls dans notre qu\u00eate de succ\u00e8s, et les relations que vous cultivez ont une influence directe sur votre \u00e9tat d\u2019esprit. Entourez-vous de personnes positives, ambitieuses et bienveillantes. Vous verrez qu\u2019avec le temps, leur \u00e9nergie et leur mindset se transmettront \u00e0 vous, cr\u00e9ant un environnement propice \u00e0 votre propre succ\u00e8s.<\/p>\n\n\n\n<p>Ces habitudes ne sont pas des solutions magiques, mais des outils concrets et puissants pour transformer votre mentalit\u00e9. Alors, que vous soyez un entrepreneur, un \u00e9tudiant, ou quelqu\u2019un qui cherche simplement \u00e0 s\u2019\u00e9panouir davantage dans la vie, ces habitudes peuvent faire toute la diff\u00e9rence. N&rsquo;attendez plus pour les mettre en place, car chaque petit geste vous rapproche un peu plus de vos objectifs.<\/p>\n\n\n\n<p class=\"has-vivid-red-color has-text-color has-link-color wp-elements-05e39a5c30389298cafa9c1e745bfe79\"><strong>Si cet article vous a inspir\u00e9, partagez-le avec vos proches et vos amis. Ensemble, cr\u00e9ons des vagues de positivit\u00e9 et de succ\u00e8s.<\/strong><\/p>\n\n\n\n<p>Merci de m\u2019avoir lu et bonne chance dans votre parcours !<\/p>\n\n\n\n<p>Guido SAVERIO<\/p>\n","protected":false},"excerpt":{"rendered":"<p>Le secret pour r\u00e9ussir ne r\u00e9side pas dans une seule action spectaculaire ou un grand coup de chance. Non, ce qui change v\u00e9ritablement le cours de votre vie, ce sont les petites habitudes que vous cultivez chaque jour. Ces petites&#8230; <a href=\"https:\/\/xn--lamentalitdusuccs-7sbm.com\/index.php\/quelles-habitudes-peuvent-transformer-votre-etat-desprit-pour-reussir\/\" class=\"readmore\">Read more<span class=\"screen-reader-text\">Quelles habitudes peuvent transformer votre \u00e9tat d&rsquo;esprit pour r\u00e9ussir ?<\/span><span class=\"fa fa-angle-double-right\" aria-hidden=\"true\"><\/span><\/a><\/p>\n","protected":false},"author":1,"featured_media":0,"parent":0,"menu_order":0,"comment_status":"closed","ping_status":"closed","template":"","meta":{"footnotes":""},"class_list":["post-242","page","type-page","status-publish","hentry"],"_links":{"self":[{"href":"https:\/\/xn--lamentalitdusuccs-7sbm.com\/index.php\/wp-json\/wp\/v2\/pages\/242","targetHints":{"allow":["GET"]}}],"collection":[{"href":"https:\/\/xn--lamentalitdusuccs-7sbm.com\/index.php\/wp-json\/wp\/v2\/pages"}],"about":[{"href":"https:\/\/xn--lamentalitdusuccs-7sbm.com\/index.php\/wp-json\/wp\/v2\/types\/page"}],"author":[{"embeddable":true,"href":"https:\/\/xn--lamentalitdusuccs-7sbm.com\/index.php\/wp-json\/wp\/v2\/users\/1"}],"replies":[{"embeddable":true,"href":"https:\/\/xn--lamentalitdusuccs-7sbm.com\/index.php\/wp-json\/wp\/v2\/comments?post=242"}],"version-history":[{"count":1,"href":"https:\/\/xn--lamentalitdusuccs-7sbm.com\/index.php\/wp-json\/wp\/v2\/pages\/242\/revisions"}],"predecessor-version":[{"id":243,"href":"https:\/\/xn--lamentalitdusuccs-7sbm.com\/index.php\/wp-json\/wp\/v2\/pages\/242\/revisions\/243"}],"wp:attachment":[{"href":"https:\/\/xn--lamentalitdusuccs-7sbm.com\/index.php\/wp-json\/wp\/v2\/media?parent=242"}],"curies":[{"name":"wp","href":"https:\/\/api.w.org\/{rel}","templated":true}]}}