{"id":23,"date":"2023-02-21T23:26:55","date_gmt":"2023-02-21T23:26:55","guid":{"rendered":"https:\/\/xn--lamentalitdusuccs-7sbm.com\/?page_id=23"},"modified":"2024-08-09T22:50:57","modified_gmt":"2024-08-09T22:50:57","slug":"table-des-matieres","status":"publish","type":"page","link":"https:\/\/xn--lamentalitdusuccs-7sbm.com\/index.php\/table-des-matieres\/","title":{"rendered":"Table des mati\u00e8res"},"content":{"rendered":"\n<p class=\"has-vivid-purple-color has-text-color has-large-font-size\"><strong> la mentalit\u00e9 du succ\u00e8s<\/strong><\/p>\n\n\n\n<ul class=\"wp-block-list\">\n<li><\/li>\n<\/ul>\n\n\n\n<p>Bienvenue sur notre site d\u00e9di\u00e9 \u00e0 la mentalit\u00e9 du succ\u00e8s, un espace con\u00e7u pour inspirer et guider ceux qui aspirent \u00e0 r\u00e9aliser leurs r\u00eaves. Ici, nous explorons les cl\u00e9s essentielles qui transforment une simple ambition en une r\u00e9alit\u00e9 concr\u00e8te. \u00c0 travers des conseils pratiques, des t\u00e9moignages inspirants et des ressources enrichissantes, nous vous invitons \u00e0 d\u00e9velopper une mentalit\u00e9 gagnante qui vous permettra de surmonter les obstacles et d&rsquo;atteindre vos objectifs. Ensemble, cultivons les attitudes et les croyances qui m\u00e8nent \u00e0 la r\u00e9ussite. Pr\u00eat \u00e0 transformer votre vision en succ\u00e8s ?<\/p>\n\n\n\n<p><br><a href=\"https:\/\/xn--lamentalitdusuccs-7sbm.com\/\">Introduction<\/a><br><\/p>\n\n\n\n<div class=\"wp-block-columns is-layout-flex wp-container-core-columns-is-layout-9d6595d7 wp-block-columns-is-layout-flex\">\n<div class=\"wp-block-column is-layout-flow wp-block-column-is-layout-flow\">\n<p><strong>Chapitre n\u00b01<\/strong><a href=\"https:\/\/reussir-dans-la-vie.com\/la-mentalite-du-succes-quest-ce-que-le-mindset\/\"><br><\/a><a href=\"https:\/\/xn--lamentalitdusuccs-7sbm.com\/index.php\/quest-ce-que-le-mindset-2\/\">Qu\u2019est-ce que le \u201cmindset\u201d ?<\/a><a href=\"https:\/\/reussir-dans-la-vie.com\/la-mentalite-du-succes-quest-ce-que-le-mindset\/\"><br><\/a><a href=\"https:\/\/xn--lamentalitdusuccs-7sbm.com\/index.php\/comment-se-forme-votre-mentalite\/\">Comment se forme votre mentalit\u00e9<\/a><a href=\"https:\/\/reussir-dans-la-vie.com\/la-mentalite-du-succes-quest-ce-que-le-mindset\/\"><br><\/a><a href=\"https:\/\/xn--lamentalitdusuccs-7sbm.com\/index.php\/differents-types-de-mentalite\/\">Diff\u00e9rents types de mentalit\u00e9<\/a><\/p>\n<\/div>\n\n\n\n<div class=\"wp-block-column is-layout-flow wp-block-column-is-layout-flow\"><\/div>\n<\/div>\n\n\n\n<div class=\"wp-block-columns is-layout-flex wp-container-core-columns-is-layout-9d6595d7 wp-block-columns-is-layout-flex\">\n<div class=\"wp-block-column is-layout-flow wp-block-column-is-layout-flow\">\n<p><strong>Chapitre n\u00b02<\/strong><br><a href=\"https:\/\/xn--lamentalitdusuccs-7sbm.com\/index.php\/pourquoi-letat-desprit-est-il-important\/\">Pourquoi l\u2019\u00e9tat d\u2019esprit est-il important ? <\/a><br><a href=\"https:\/\/xn--lamentalitdusuccs-7sbm.com\/index.php\/la-mentalite-va-au-dela-des-croyances\/\">La mentalit\u00e9 va au-del\u00e0 des croyances<\/a><br><a href=\"https:\/\/xn--lamentalitdusuccs-7sbm.com\/index.php\/les-experiences-de-la-vie-renforcent-letat-desprit\/\">Les exp\u00e9riences de la vie renforcent l\u2019\u00e9tat d\u2019esprit<\/a><br><a href=\"https:\/\/xn--lamentalitdusuccs-7sbm.com\/index.php\/le-facteur-emotionnel\/\">Le facteur \u00e9motionnel<\/a><br><a href=\"https:\/\/xn--lamentalitdusuccs-7sbm.com\/index.php\/que-dit-la-science-sur-les-etats-desprit\/\">Que dit la science sur les \u00e9tats d\u2019esprit ?<\/a><\/p>\n<\/div>\n\n\n\n<div class=\"wp-block-column is-layout-flow wp-block-column-is-layout-flow\"><\/div>\n<\/div>\n\n\n\n<p><br><strong>Chapitre n\u00b03<\/strong><br><a href=\"https:\/\/xn--lamentalitdusuccs-7sbm.com\/index.php\/letat-desprit-fige-contre-letat-desprit-evolutif\/\">L\u2019\u00e9tat d\u2019esprit fig\u00e9 contre l\u2019\u00e9tat d\u2019esprit \u00e9volutif<\/a><br><a href=\"https:\/\/xn--lamentalitdusuccs-7sbm.com\/index.php\/letat-desprit-en-pratique\/\">L\u2019\u00e9tat d\u2019esprit en pratique<\/a><br><a href=\"https:\/\/xn--lamentalitdusuccs-7sbm.com\/index.php\/letat-desprit-en-action\/\">L\u2019\u00e9tat d\u2019esprit en action<\/a><br><a href=\"https:\/\/xn--lamentalitdusuccs-7sbm.com\/index.php\/les-bases-de-la-difference-entre-letat-desprit-fige-et-letat-desprit-evolutif\/\">Les bases de la diff\u00e9rence entre l\u2019\u00e9tat d\u2019esprit fig\u00e9 et l\u2019\u00e9tat d\u2019esprit \u00e9volutif<\/a><\/p>\n\n\n\n<p><br><strong>Chapitre n\u00b04<\/strong><br><a href=\"https:\/\/xn--lamentalitdusuccs-7sbm.com\/index.php\/les-dangers-de-letat-desprit-fige\/\">Les dangers de l\u2019\u00e9tat d\u2019esprit fig\u00e9<\/a><br><a href=\"https:\/\/xn--lamentalitdusuccs-7sbm.com\/index.php\/sous-estimer-limportance-de-leffort\/\">Sous-estimer l\u2019importance de l\u2019effort<\/a><br><a href=\"https:\/\/xn--lamentalitdusuccs-7sbm.com\/index.php\/chercher-obsessionnellement-a-prouver-sa-valeur\/\">Chercher obsessionnellement \u00e0 prouver sa valeur<\/a><br><a href=\"https:\/\/xn--lamentalitdusuccs-7sbm.com\/index.php\/le-desir-detre-parfait\/\">Le d\u00e9sir d\u2019\u00eatre parfait<\/a><br><a href=\"https:\/\/xn--lamentalitdusuccs-7sbm.com\/index.php\/la-diminution-de-la-connaissance-de-soi\/\">La diminution de la connaissance de soi<\/a><br><a href=\"https:\/\/xn--lamentalitdusuccs-7sbm.com\/index.php\/le-besoin-permanent-de-reconnaissance\/\">Le besoin permanent de reconnaissance<\/a><\/p>\n\n\n\n<p><br><strong>Chapitre n\u00b05<\/strong><br><a href=\"https:\/\/xn--lamentalitdusuccs-7sbm.com\/index.php\/le-pouvoir-de-letat-desprit-evolutif\/\">Le pouvoir de l\u2019\u00e9tat d\u2019esprit \u00e9volutif<\/a><br><a href=\"https:\/\/guido-saverio-coach.com\/\">L\u2019am\u00e9lioration par l\u2019effort<\/a><br>L\u2019acc\u00e8s \u00e0 une sensation d\u2019\u00e9panouissement<br>Le d\u00e9veloppement de la r\u00e9silience<br>Se prot\u00e9ger contre la d\u00e9motivation<br>Encourager la pers\u00e9v\u00e9rance<br>La promotion de la pens\u00e9e critique<br>La pratique est m\u00e8re du succ\u00e8s<\/p>\n\n\n\n<p><br><strong>Chapitre n\u00b06<\/strong><br>Peut-on changer d\u2019\u00e9tat d\u2019esprit ?<br>La r\u00e9sistance au changement<br>Se servir de la peur pour changer d\u2019\u00e9tat d\u2019esprit<br>Utiliser des actions pour changer d\u2019\u00e9tat d\u2019esprit<br>Identifier vos \u00e9tats d\u2019esprit n\u00e9gatifs<br>Passer du n\u00e9gatif au positif<br>Comprenez \u201cPOURQUOI\u201d il faut que vous changiez<br>Commencez petit pour r\u00e9ussir grand<\/p>\n\n\n\n<p><br><strong>Chapitre n\u00b07<\/strong><br>Les strat\u00e9gies de d\u00e9veloppement d\u2019un \u00e9tat d\u2019esprit \u00e9volutif<br>Apprendre en permanence<br>Impliquez vous<br>D\u00e9veloppez un amour-propre sain<br>Travaillez sur vos perspectives d\u2019avenir<br>Fixez vous des buts efficaces<br>G\u00e9rez votre voix n\u00e9gative int\u00e9rieure<br>Faire face \u00e0 l\u2019adversit\u00e9<br>Acceptez les critiques et retours<\/p>\n\n\n\n<p><br><strong>Chapitre n\u00b08<\/strong><br>G\u00e9rer les revers<br>L\u2019importance de l\u2019\u00e9chec<br>L\u2019exp\u00e9rience et les connaissances<br>La r\u00e9silience et la croissance<br>Changez de strat\u00e9gie<br>Cherchez l\u2019inspiration chez les autres<br>Servez vous de l\u2019\u00e9chec comme point d\u2019appui<br>Red\u00e9finir ses priorit\u00e9s et ses valeurs<br>Ne vous d\u00e9finissez pas par vos \u00e9checs<br>L\u2019\u00e9chec aide \u00e0 atteindre son potentiel<br>L\u2019\u00e9chec vaut toujours mieux que le regret<br>Les revers sugg\u00e8rent de nouveaux itin\u00e9raires<\/p>\n\n\n\n<p><br><strong>Conclusion<\/strong><\/p>\n","protected":false},"excerpt":{"rendered":"<p>la mentalit\u00e9 du succ\u00e8s Bienvenue sur notre site d\u00e9di\u00e9 \u00e0 la mentalit\u00e9 du succ\u00e8s, un espace con\u00e7u pour inspirer et guider ceux qui aspirent \u00e0 r\u00e9aliser leurs r\u00eaves. Ici, nous explorons les cl\u00e9s essentielles qui transforment une simple ambition en&#8230; <a href=\"https:\/\/xn--lamentalitdusuccs-7sbm.com\/index.php\/table-des-matieres\/\" class=\"readmore\">Read more<span class=\"screen-reader-text\">Table des mati\u00e8res<\/span><span class=\"fa fa-angle-double-right\" aria-hidden=\"true\"><\/span><\/a><\/p>\n","protected":false},"author":1,"featured_media":0,"parent":0,"menu_order":0,"comment_status":"closed","ping_status":"closed","template":"","meta":{"footnotes":""},"class_list":["post-23","page","type-page","status-publish","hentry"],"_links":{"self":[{"href":"https:\/\/xn--lamentalitdusuccs-7sbm.com\/index.php\/wp-json\/wp\/v2\/pages\/23","targetHints":{"allow":["GET"]}}],"collection":[{"href":"https:\/\/xn--lamentalitdusuccs-7sbm.com\/index.php\/wp-json\/wp\/v2\/pages"}],"about":[{"href":"https:\/\/xn--lamentalitdusuccs-7sbm.com\/index.php\/wp-json\/wp\/v2\/types\/page"}],"author":[{"embeddable":true,"href":"https:\/\/xn--lamentalitdusuccs-7sbm.com\/index.php\/wp-json\/wp\/v2\/users\/1"}],"replies":[{"embeddable":true,"href":"https:\/\/xn--lamentalitdusuccs-7sbm.com\/index.php\/wp-json\/wp\/v2\/comments?post=23"}],"version-history":[{"count":5,"href":"https:\/\/xn--lamentalitdusuccs-7sbm.com\/index.php\/wp-json\/wp\/v2\/pages\/23\/revisions"}],"predecessor-version":[{"id":182,"href":"https:\/\/xn--lamentalitdusuccs-7sbm.com\/index.php\/wp-json\/wp\/v2\/pages\/23\/revisions\/182"}],"wp:attachment":[{"href":"https:\/\/xn--lamentalitdusuccs-7sbm.com\/index.php\/wp-json\/wp\/v2\/media?parent=23"}],"curies":[{"name":"wp","href":"https:\/\/api.w.org\/{rel}","templated":true}]}}