{"id":220,"date":"2025-01-10T13:49:34","date_gmt":"2025-01-10T13:49:34","guid":{"rendered":"https:\/\/xn--lamentalitdusuccs-7sbm.com\/?page_id=220"},"modified":"2025-01-10T13:49:34","modified_gmt":"2025-01-10T13:49:34","slug":"disclaimer","status":"publish","type":"page","link":"https:\/\/xn--lamentalitdusuccs-7sbm.com\/index.php\/disclaimer\/","title":{"rendered":"DISCLAIMER"},"content":{"rendered":"\n<h3 class=\"wp-block-heading\"><strong>Avis de non-responsabilit\u00e9<\/strong><\/h3>\n\n\n\n<p>Les informations fournies sur ce site sont destin\u00e9es \u00e0 des fins g\u00e9n\u00e9rales d\u2019information uniquement. Bien que nous nous efforcions de maintenir ces informations exactes et \u00e0 jour, nous ne garantissons pas l\u2019exactitude, l\u2019exhaustivit\u00e9, la fiabilit\u00e9 ou l\u2019actualit\u00e9 des informations. Toute action entreprise sur la base des informations pr\u00e9sentes sur ce site est \u00e0 vos propres risques.<\/p>\n\n\n\n<p>Nous ne serons en aucun cas responsables des pertes ou dommages, directs ou indirects, r\u00e9sultant de l\u2019utilisation ou de l\u2019incapacit\u00e9 \u00e0 utiliser ce site ou les informations qu\u2019il contient.<\/p>\n\n\n\n<p>Ce site peut contenir des liens vers d\u2019autres sites externes. Nous ne contr\u00f4lons pas le contenu ou la disponibilit\u00e9 de ces sites et ne sommes pas responsables des informations ou services qu\u2019ils fournissent.<\/p>\n\n\n\n<p>En utilisant ce site, vous acceptez les termes de cet avis de non-responsabilit\u00e9. Si vous n\u2019\u00eates pas d\u2019accord avec ces termes, veuillez ne pas utiliser ce site.<\/p>\n","protected":false},"excerpt":{"rendered":"<p>Avis de non-responsabilit\u00e9 Les informations fournies sur ce site sont destin\u00e9es \u00e0 des fins g\u00e9n\u00e9rales d\u2019information uniquement. Bien que nous nous efforcions de maintenir ces informations exactes et \u00e0 jour, nous ne garantissons pas l\u2019exactitude, l\u2019exhaustivit\u00e9, la fiabilit\u00e9 ou l\u2019actualit\u00e9&#8230; <a href=\"https:\/\/xn--lamentalitdusuccs-7sbm.com\/index.php\/disclaimer\/\" class=\"readmore\">Read more<span class=\"screen-reader-text\">DISCLAIMER<\/span><span class=\"fa fa-angle-double-right\" aria-hidden=\"true\"><\/span><\/a><\/p>\n","protected":false},"author":1,"featured_media":0,"parent":0,"menu_order":0,"comment_status":"closed","ping_status":"closed","template":"","meta":{"footnotes":""},"class_list":["post-220","page","type-page","status-publish","hentry"],"_links":{"self":[{"href":"https:\/\/xn--lamentalitdusuccs-7sbm.com\/index.php\/wp-json\/wp\/v2\/pages\/220","targetHints":{"allow":["GET"]}}],"collection":[{"href":"https:\/\/xn--lamentalitdusuccs-7sbm.com\/index.php\/wp-json\/wp\/v2\/pages"}],"about":[{"href":"https:\/\/xn--lamentalitdusuccs-7sbm.com\/index.php\/wp-json\/wp\/v2\/types\/page"}],"author":[{"embeddable":true,"href":"https:\/\/xn--lamentalitdusuccs-7sbm.com\/index.php\/wp-json\/wp\/v2\/users\/1"}],"replies":[{"embeddable":true,"href":"https:\/\/xn--lamentalitdusuccs-7sbm.com\/index.php\/wp-json\/wp\/v2\/comments?post=220"}],"version-history":[{"count":1,"href":"https:\/\/xn--lamentalitdusuccs-7sbm.com\/index.php\/wp-json\/wp\/v2\/pages\/220\/revisions"}],"predecessor-version":[{"id":221,"href":"https:\/\/xn--lamentalitdusuccs-7sbm.com\/index.php\/wp-json\/wp\/v2\/pages\/220\/revisions\/221"}],"wp:attachment":[{"href":"https:\/\/xn--lamentalitdusuccs-7sbm.com\/index.php\/wp-json\/wp\/v2\/media?parent=220"}],"curies":[{"name":"wp","href":"https:\/\/api.w.org\/{rel}","templated":true}]}}